{"id":466,"date":"2018-11-15T09:30:14","date_gmt":"2018-11-15T08:30:14","guid":{"rendered":"https:\/\/trendrapport.s-bb.nl\/zws\/?page_id=466"},"modified":"2025-11-14T08:05:03","modified_gmt":"2025-11-14T07:05:03","slug":"dashboards","status":"publish","type":"page","link":"https:\/\/trendrapport.s-bb.nl\/zws\/dashboards\/","title":{"rendered":"Dashboards"},"content":{"rendered":"<p>[et_pb_section fb_built=&#8221;1&#8243; _builder_version=&#8221;4.15&#8243; background_image=&#8221;https:\/\/trendrapport.s-bb.nl\/zws\/wp-content\/uploads\/2018\/11\/shutterstock_728178127.8f11dc212996.jpg&#8221; background_position=&#8221;top_center&#8221; custom_padding=&#8221;100px|100px|343px|100px|false|false&#8221; global_colors_info=&#8221;{}&#8221;][\/et_pb_section][et_pb_section fb_built=&#8221;1&#8243; _builder_version=&#8221;4.15&#8243; background_color=&#8221;#f6f6f6&#8243; custom_margin=&#8221;||&#8221; custom_padding=&#8221;54px|0px|0|0px|false|false&#8221; global_colors_info=&#8221;{}&#8221;][et_pb_row column_structure=&#8221;1_4,3_4&#8243; use_custom_gutter=&#8221;on&#8221; gutter_width=&#8221;1&#8243; disabled_on=&#8221;on|on|off&#8221; _builder_version=&#8221;4.15&#8243; use_background_color_gradient=&#8221;on&#8221; background_color_gradient_start=&#8221;#c42121&#8243; background_color_gradient_end=&#8221;#de6d36&#8243; background_color_gradient_direction=&#8221;30deg&#8221; custom_margin=&#8221;-138px|||&#8221; custom_css_main_element=&#8221;display: -webkit-box;||display: -ms-flexbox;||display: flex;||-webkit-box-align: center;||-ms-flex-align: center;||align-items: center;||-webkit-box-orient: horizontal;||-webkit-box-direction: normal;||-ms-flex-direction: row;||flex-direction: row;||-ms-flex-wrap: wrap;||flex-wrap: wrap;&#8221; global_colors_info=&#8221;{}&#8221;][et_pb_column type=&#8221;1_4&#8243; _builder_version=&#8221;4.15&#8243; custom_padding=&#8221;|||&#8221; global_colors_info=&#8221;{}&#8221; custom_padding__hover=&#8221;|||&#8221;][et_pb_image src=&#8221;https:\/\/trendrapport.s-bb.nl\/zws\/wp-content\/uploads\/2018\/11\/balk-label.png&#8221; align_tablet=&#8221;center&#8221; align_phone=&#8221;center&#8221; align_last_edited=&#8221;on|desktop&#8221; _builder_version=&#8221;4.15&#8243; max_width=&#8221;75%&#8221; global_colors_info=&#8221;{}&#8221;][\/et_pb_image][\/et_pb_column][et_pb_column type=&#8221;3_4&#8243; _builder_version=&#8221;4.15&#8243; custom_padding=&#8221;|||&#8221; global_colors_info=&#8221;{}&#8221; custom_padding__hover=&#8221;|||&#8221;][et_pb_text _builder_version=&#8221;4.15&#8243; text_text_color=&#8221;#ffffff&#8221; header_text_color=&#8221;#ffffff&#8221; header_font_size=&#8221;50px&#8221; background_color_gradient_direction=&#8221;30deg&#8221; custom_margin=&#8221;||&#8221; custom_padding=&#8221;65px||65px|&#8221; global_colors_info=&#8221;{}&#8221;]<\/p>\n<h1><b>Dashboards<\/b><\/h1>\n<p>[\/et_pb_text][\/et_pb_column][\/et_pb_row][et_pb_row use_custom_gutter=&#8221;on&#8221; gutter_width=&#8221;1&#8243; disabled_on=&#8221;off|off|on&#8221; _builder_version=&#8221;4.15&#8243; use_background_color_gradient=&#8221;on&#8221; background_color_gradient_start=&#8221;#c42121&#8243; background_color_gradient_end=&#8221;#de6d36&#8243; background_color_gradient_direction=&#8221;30deg&#8221; custom_margin=&#8221;-100px||&#8221; custom_margin_tablet=&#8221;&#8221; custom_margin_phone=&#8221;&#8221; custom_margin_last_edited=&#8221;on|phone&#8221; custom_padding=&#8221;0|0px|0|0px|false|false&#8221; custom_css_main_element=&#8221;display: -webkit-box;||display: -ms-flexbox;||display: flex;||-webkit-box-align: center;||-ms-flex-align: center;||align-items: center;||-webkit-box-orient: horizontal;||-webkit-box-direction: normal;||-ms-flex-direction: row;||flex-direction: row;||-ms-flex-wrap: wrap;||flex-wrap: wrap;&#8221; global_colors_info=&#8221;{}&#8221;][et_pb_column type=&#8221;4_4&#8243; _builder_version=&#8221;4.15&#8243; custom_padding=&#8221;|||&#8221; global_colors_info=&#8221;{}&#8221; custom_padding__hover=&#8221;|||&#8221;][et_pb_image src=&#8221;https:\/\/trendrapport.s-bb.nl\/zws\/wp-content\/uploads\/2018\/11\/balk-label-verticaal.png&#8221; align=&#8221;center&#8221; align_tablet=&#8221;center&#8221; align_phone=&#8221;center&#8221; align_last_edited=&#8221;on|desktop&#8221; _builder_version=&#8221;4.15&#8243; max_width=&#8221;20%&#8221; global_colors_info=&#8221;{}&#8221;][\/et_pb_image][et_pb_text _builder_version=&#8221;4.15&#8243; text_text_color=&#8221;#ffffff&#8221; header_text_color=&#8221;#ffffff&#8221; header_font_size=&#8221;50px&#8221; background_color_gradient_direction=&#8221;30deg&#8221; text_orientation=&#8221;center&#8221; custom_margin=&#8221;||&#8221; custom_padding=&#8221;50px||50px|&#8221; custom_padding_tablet=&#8221;&#8221; custom_padding_phone=&#8221;25px||25px&#8221; custom_padding_last_edited=&#8221;on|phone&#8221; header_font_size_tablet=&#8221;40px&#8221; header_font_size_phone=&#8221;25px&#8221; header_font_size_last_edited=&#8221;on|phone&#8221; global_colors_info=&#8221;{}&#8221;]<\/p>\n<h1><strong>Dashboards<\/strong><\/h1>\n<p>[\/et_pb_text][\/et_pb_column][\/et_pb_row][et_pb_row _builder_version=&#8221;4.15&#8243; background_color=&#8221;#ffffff&#8221; background_size=&#8221;initial&#8221; background_position=&#8221;top_left&#8221; background_repeat=&#8221;repeat&#8221; custom_padding=&#8221;50px|50px|0|50px|false|false&#8221; global_colors_info=&#8221;{}&#8221;][et_pb_column type=&#8221;4_4&#8243; _builder_version=&#8221;4.15&#8243; custom_padding=&#8221;|||&#8221; global_colors_info=&#8221;{}&#8221; custom_padding__hover=&#8221;|||&#8221;][et_pb_text _builder_version=&#8221;4.15.1&#8243; header_2_font_size=&#8221;35px&#8221; custom_padding=&#8221;||50px&#8221; global_colors_info=&#8221;{}&#8221;]<\/p>\n<p>In dit hoofdstuk van het trendrapport zijn dashboards opgenomen met kwantitatieve gegevens. Middels deze dashboards bent u altijd op de hoogte van de meest actuele cijfers. Er zijn twee dashboards: \u00e9\u00e9n die cijfers toont over de beroepspraktijkvorming en \u00e9\u00e9n die cijfers toont over de arbeidsmarkt.<\/p>\n<h3><strong>Dashboard Beroepspraktijkvorming (BPV)<\/strong><\/h3>\n<p>Het dashboard BPV geeft inzicht in cijfers over beroepspraktijkvorming. In dit dashboard vindt u een aantal kerncijfers beroepspraktijkvorming zoals: studenten per opleiding en per instelling, studenten per opleiding en per regio, kans op stage en kans op leerbaan per opleiding, landelijk en per regio. Het dashboard toont cijfers op verschillende niveaus, waaronder marktsegment en kwalificatie.<\/p>\n<p>In het dashboard BPV kunt u hieronder verder klikken:<\/p>\n<p>[\/et_pb_text][\/et_pb_column][\/et_pb_row][et_pb_row _builder_version=&#8221;4.15&#8243; custom_padding=&#8221;0|0px|27px|0px|false|false&#8221; global_colors_info=&#8221;{}&#8221;][et_pb_column type=&#8221;4_4&#8243; _builder_version=&#8221;4.15&#8243; custom_padding=&#8221;|||&#8221; global_colors_info=&#8221;{}&#8221; custom_padding__hover=&#8221;|||&#8221;][et_pb_code _builder_version=&#8221;4.15.1&#8243; global_colors_info=&#8221;{}&#8221;]<html><!-- [et_pb_line_break_holder] -->  <iframe src=\"https:\/\/app.powerbi.com\/view?r=eyJrIjoiYjNhNzljOWMtMTc0Mi00ZmU2LTljOWUtZDRjN2QxZGRhMmU2IiwidCI6Ijk0Yjk3YzRmLTU3YmUtNGQ3OC1iNzk4LWQ3NjUwN2I2NTBlNSIsImMiOjh9\" style=\"width:100%; height:660px;\"><!-- [et_pb_line_break_holder] -->  <\/iframe><!-- [et_pb_line_break_holder] -->  <\/iframe><!-- [et_pb_line_break_holder] --><\/html>[\/et_pb_code][\/et_pb_column][\/et_pb_row][et_pb_row _builder_version=&#8221;4.15&#8243; background_color=&#8221;#ffffff&#8221; background_size=&#8221;initial&#8221; background_position=&#8221;top_left&#8221; background_repeat=&#8221;repeat&#8221; custom_padding=&#8221;50px|50px|0|50px|false|false&#8221; global_colors_info=&#8221;{}&#8221;][et_pb_column type=&#8221;4_4&#8243; _builder_version=&#8221;4.15&#8243; custom_padding=&#8221;|||&#8221; global_colors_info=&#8221;{}&#8221; custom_padding__hover=&#8221;|||&#8221;][et_pb_text _builder_version=&#8221;4.15.1&#8243; header_2_font_size=&#8221;35px&#8221; custom_padding=&#8221;||50px&#8221; global_colors_info=&#8221;{}&#8221;]<\/p>\n<h3><strong>Dashboard Arbeidsmarkt<\/strong><\/h3>\n<p>Het dashboard arbeidsmarkt geeft inzicht in kerncijfers vraag en aanbod, arbeidsmarktperspectief en kans op werk. Ook toont het de \u201ckans op werk\u201d cijfers op regionaal niveau. Kans op werk toont de toekomstige kansen voor mbo-studenten. Het gaat om de kans dat een gediplomeerde schoolverlater werk vindt in het verlengde en op het niveau van zijn opleiding. Kans op werk geeft de verhouding weer tussen het verwachte aantal gediplomeerden dat op zoek gaat naar werk en het aantal verwachte vacatures dat geschikt is voor een gediplomeerde schoolverlater. De berekening gaat uit van een student die nu met de opleiding begint en die in de normale studieduur afrondt. Dus wat is de kans op werk over twee jaar bij een opleiding met een opleidingsduur van twee jaar en wat is de kans over drie jaar bij een opleiding met een opleidingsduur van drie jaar. De gegevens zijn uit te splitsen naar marktsegment en kwalificatie.\u00a0\u00a0<\/p>\n<p>In het dashboard arbeidsmarkt kunt u hieronder verder klikken:<\/p>\n<p>[\/et_pb_text][\/et_pb_column][\/et_pb_row][et_pb_row _builder_version=&#8221;4.15&#8243; custom_padding=&#8221;0|0px|27px|0px|false|false&#8221; global_colors_info=&#8221;{}&#8221;][et_pb_column type=&#8221;4_4&#8243; _builder_version=&#8221;4.15&#8243; custom_padding=&#8221;|||&#8221; global_colors_info=&#8221;{}&#8221; custom_padding__hover=&#8221;|||&#8221;][et_pb_code _builder_version=&#8221;4.15.1&#8243; global_colors_info=&#8221;{}&#8221;]<html><!-- [et_pb_line_break_holder] -->  <iframe src=\"https:\/\/app.powerbi.com\/view?r=eyJrIjoiOGQwMThkNDAtNmU4Mi00NmU5LTkwYWEtZTY5ODg3ZGUxNGYyIiwidCI6Ijk0Yjk3YzRmLTU3YmUtNGQ3OC1iNzk4LWQ3NjUwN2I2NTBlNSIsImMiOjh9<!-- [et_pb_line_break_holder] --><!-- [et_pb_line_break_holder] -->&#8221; style=&#8221;width:100%; height:660px;&#8221;><!-- [et_pb_line_break_holder] -->  <\/iframe><!-- [et_pb_line_break_holder] -->  <\/iframe><!-- [et_pb_line_break_holder] --><\/html>[\/et_pb_code][\/et_pb_column][\/et_pb_row][\/et_pb_section][et_pb_section fb_built=&#8221;1&#8243; _builder_version=&#8221;4.15&#8243; background_color=&#8221;#f6f6f6&#8243; custom_padding=&#8221;54px|0px|0|0px|false|false&#8221; global_colors_info=&#8221;{}&#8221;][et_pb_row column_structure=&#8221;1_2,1_2&#8243; _builder_version=&#8221;4.15&#8243; module_alignment=&#8221;center&#8221; custom_padding=&#8221;0|0px|62px|0px|false|false&#8221; border_width_bottom=&#8221;1px&#8221; border_color_bottom=&#8221;#d6d6d6&#8243; global_colors_info=&#8221;{}&#8221;][et_pb_column type=&#8221;1_2&#8243; _builder_version=&#8221;4.15&#8243; custom_padding=&#8221;|||&#8221; global_colors_info=&#8221;{}&#8221; custom_padding__hover=&#8221;|||&#8221;][et_pb_button button_url=&#8221;https:\/\/trendrapport.s-bb.nl\/zws\/economische-ontwikkelingen\/uiterlijke-verzorging\/&#8221; button_text=&#8221;Uiterlijke verzorging&#8221; button_alignment=&#8221;center&#8221; _builder_version=&#8221;4.15.1&#8243; custom_button=&#8221;on&#8221; button_border_color=&#8221;rgba(0,0,0,0)&#8221; button_font=&#8221;||||||||&#8221; button_icon=&#8221;&#x23;||divi||400&#8243; button_icon_placement=&#8221;left&#8221; button_on_hover=&#8221;off&#8221; global_colors_info=&#8221;{}&#8221;][\/et_pb_button][\/et_pb_column][et_pb_column type=&#8221;1_2&#8243; _builder_version=&#8221;4.15&#8243; custom_padding=&#8221;|||&#8221; global_colors_info=&#8221;{}&#8221; custom_padding__hover=&#8221;|||&#8221;][et_pb_button button_url=&#8221;https:\/\/trendrapport.s-bb.nl\/zws\/verantwoording\/&#8221; button_text=&#8221;Verantwoording&#8221; button_alignment=&#8221;center&#8221; _builder_version=&#8221;4.15.1&#8243; custom_button=&#8221;on&#8221; button_border_color=&#8221;rgba(0,0,0,0)&#8221; button_font=&#8221;||||||||&#8221; button_icon=&#8221;&#x24;||divi||400&#8243; button_on_hover=&#8221;off&#8221; global_colors_info=&#8221;{}&#8221;][\/et_pb_button][\/et_pb_column][\/et_pb_row][\/et_pb_section][et_pb_section fb_built=&#8221;1&#8243; _builder_version=&#8221;4.15&#8243; background_color=&#8221;#f6f6f6&#8243; global_colors_info=&#8221;{}&#8221;][et_pb_row _builder_version=&#8221;4.15&#8243; custom_padding=&#8221;0|0px|0|0px|false|false&#8221; global_colors_info=&#8221;{}&#8221;][et_pb_column type=&#8221;4_4&#8243; _builder_version=&#8221;4.15&#8243; custom_padding=&#8221;|||&#8221; global_colors_info=&#8221;{}&#8221; custom_padding__hover=&#8221;|||&#8221;][et_pb_image src=&#8221;https:\/\/trendrapport.s-bb.nl\/zws\/wp-content\/uploads\/2018\/11\/sbb-logo.png&#8221; align=&#8221;center&#8221; align_tablet=&#8221;center&#8221; align_phone=&#8221;center&#8221; align_last_edited=&#8221;on|desktop&#8221; _builder_version=&#8221;4.15&#8243; max_width=&#8221;35%&#8221; max_width_tablet=&#8221;70%&#8221; max_width_phone=&#8221;&#8221; max_width_last_edited=&#8221;on|phone&#8221; module_alignment=&#8221;center&#8221; global_colors_info=&#8221;{}&#8221;][\/et_pb_image][\/et_pb_column][\/et_pb_row][\/et_pb_section]<\/p>\n","protected":false},"excerpt":{"rendered":"<p>DashboardsDashboardsIn dit hoofdstuk van het trendrapport zijn dashboards opgenomen met kwantitatieve gegevens. Middels deze dashboards bent u altijd op de hoogte van de meest actuele cijfers. Er zijn twee dashboards: \u00e9\u00e9n die cijfers toont over de beroepspraktijkvorming en \u00e9\u00e9n die cijfers toont over de arbeidsmarkt. Dashboard Beroepspraktijkvorming (BPV) Het dashboard BPV geeft inzicht in cijfers [&hellip;]<\/p>\n","protected":false},"author":1,"featured_media":0,"parent":0,"menu_order":0,"comment_status":"closed","ping_status":"closed","template":"","meta":{"_et_pb_use_builder":"on","_et_pb_old_content":"","_et_gb_content_width":""},"_links":{"self":[{"href":"https:\/\/trendrapport.s-bb.nl\/zws\/wp-json\/wp\/v2\/pages\/466"}],"collection":[{"href":"https:\/\/trendrapport.s-bb.nl\/zws\/wp-json\/wp\/v2\/pages"}],"about":[{"href":"https:\/\/trendrapport.s-bb.nl\/zws\/wp-json\/wp\/v2\/types\/page"}],"author":[{"embeddable":true,"href":"https:\/\/trendrapport.s-bb.nl\/zws\/wp-json\/wp\/v2\/users\/1"}],"replies":[{"embeddable":true,"href":"https:\/\/trendrapport.s-bb.nl\/zws\/wp-json\/wp\/v2\/comments?post=466"}],"version-history":[{"count":37,"href":"https:\/\/trendrapport.s-bb.nl\/zws\/wp-json\/wp\/v2\/pages\/466\/revisions"}],"predecessor-version":[{"id":7626,"href":"https:\/\/trendrapport.s-bb.nl\/zws\/wp-json\/wp\/v2\/pages\/466\/revisions\/7626"}],"wp:attachment":[{"href":"https:\/\/trendrapport.s-bb.nl\/zws\/wp-json\/wp\/v2\/media?parent=466"}],"curies":[{"name":"wp","href":"https:\/\/api.w.org\/{rel}","templated":true}]}}